{"id":6013,"date":"2024-03-27T16:05:05","date_gmt":"2024-03-27T19:05:05","guid":{"rendered":"https:\/\/debitia.com\/?page_id=6013"},"modified":"2024-05-23T17:49:19","modified_gmt":"2024-05-23T20:49:19","slug":"blog-de-cobranzas","status":"publish","type":"page","link":"https:\/\/debitia.com\/es_ve\/blog-de-cobranzas\/","title":{"rendered":"Blog de Cobranzas"},"content":{"rendered":"<div class=\"wpb-content-wrapper\"><div class=\"vc_row wpb_row vc_row-fluid wpex-relative\"><div class=\"wpb_column vc_column_container vc_col-sm-12\"><div class=\"vc_column-inner\"><div class=\"wpb_wrapper\"><div class=\"vcex-module vcex-divider vcex-divider-solid vcex-divider-center wpex-mx-auto wpex-block wpex-h-0 wpex-border-b wpex-border-solid wpex-border-main\"><\/div><\/div><\/div><\/div><\/div><div class=\"vc_row wpb_row vc_row-fluid wpex-relative\"><div class=\"wpb_column vc_column_container vc_col-sm-2\"><div class=\"vc_column-inner\"><div class=\"wpb_wrapper\"><\/div><\/div><\/div><div class=\"wpb_column vc_column_container vc_col-sm-8\"><div class=\"vc_column-inner\"><div class=\"wpb_wrapper\"><style>.vcex-blog-grid-wrap.vcex_69ebc9b248725 .entry-details{background-color:#ffffff;}<\/style><div class=\"vcex-module vcex-blog-grid-wrap wpex-clr vcex_69ebc9b248725\"><ul class=\"vcex-blog-filter vcex-filter-links wpex-flex-wrap wpex-list-none wpex-m-0 wpex-mb-25 wpex-gap-5 wpex-flex\"><li class=\"active\"><a href=\"#\" data-filter=\"*\" class=\"theme-button minimal-border\"><span>All<\/span><\/a><\/li><li class=\"filter-cat-7\"><a href=\"#\" data-filter=\".cat-7\" class=\"theme-button minimal-border\">Debitia<\/a><\/li><li class=\"filter-cat-736\"><a href=\"#\" data-filter=\".cat-736\" class=\"theme-button minimal-border\">Gesti\u00f3n de Cobranzas<\/a><\/li><li class=\"filter-cat-6\"><a href=\"#\" data-filter=\".cat-6\" class=\"theme-button minimal-border\">Procedimientos<\/a><\/li><li class=\"filter-cat-735\"><a href=\"#\" data-filter=\".cat-735\" class=\"theme-button minimal-border\">Software de Cobranzas<\/a><\/li><li class=\"filter-cat-5\"><a href=\"#\" data-filter=\".cat-5\" class=\"theme-button minimal-border\">Tecnolog\u00eda<\/a><\/li><\/ul><div class=\"wpex-row vcex-blog-grid wpex-clr entries vcex-isotope-grid wpex-overflow-hidden\"><div class=\"vcex-blog-entry vcex-grid-item entry-has-details span_1_of_4 col-1 col vcex-isotope-entry cat-7 entry post-1790 type-post has-media\"><div class=\"vcex-blog-entry-inner entry-inner wpex-first-mt-0 wpex-last-mb-0 wpex-clr\"><div class=\"vcex-blog-entry-media entry-media wpex-relative\"><a href=\"https:\/\/debitia.com\/es_ve\/que-son-los-bancos-digitales\/\" title=\"COBRANZA EN BANCOS DIGITALES  | DEBITIA\"><img data-no-lazy=\"1\" class=\"vcex-blog-entry-img wpex-align-middle skip-lazy\" src=\"https:\/\/debitia.com\/wp-content\/uploads\/2019\/01\/Pagina-princial-350x350.png\" alt=\"SOFTWARE DE COBRANZAS\" srcset=\"https:\/\/debitia.com\/wp-content\/uploads\/2019\/01\/Pagina-princial-350x350.png 350w, https:\/\/debitia.com\/wp-content\/uploads\/2019\/01\/Pagina-princial-150x150.png 150w, https:\/\/debitia.com\/wp-content\/uploads\/2019\/01\/Pagina-princial-125x125.png 125w\" width=\"350\" height=\"350\"><\/a><\/div><div class=\"vcex-blog-entry-details entry-details wpex-boxed wpex-first-mt-0 wpex-last-mb-0 wpex-clr\"><h2 class=\"vcex-blog-entry-title entry-title wpex-mb-5\"><a href=\"https:\/\/debitia.com\/es_ve\/que-son-los-bancos-digitales\/\">COBRANZA EN BANCOS DIGITALES  | DEBITIA<\/a><\/h2><div class=\"vcex-blog-entry-excerpt entry-excerpt wpex-my-15 wpex-text-pretty wpex-last-mb-0 wpex-clr\"><p>\u00bfQUE SON LOS BANCOS DIGITALES? \u201cAyudamos a los Bancos Digitales&hellip;<\/p><\/div><div class=\"vcex-blog-entry-readmore-wrap entry-readmore-wrap wpex-my-15 wpex-clr\"><a href=\"https:\/\/debitia.com\/es_ve\/que-son-los-bancos-digitales\/\" class=\"entry-readmore theme-button\" aria-label=\"Leer m\u00e1s about COBRANZA EN BANCOS DIGITALES  | DEBITIA\">Leer m\u00e1s <span class=\"vcex-readmore-rarr\">&rarr;<\/span><\/a><\/div><\/div><\/div><\/div><div class=\"vcex-blog-entry vcex-grid-item entry-has-details span_1_of_4 col-2 col vcex-isotope-entry cat-6 cat-7 entry post-897 type-post has-media post_tag-10 post_tag-11\"><div class=\"vcex-blog-entry-inner entry-inner wpex-first-mt-0 wpex-last-mb-0 wpex-clr\"><div class=\"vcex-blog-entry-media entry-media wpex-relative\"><a href=\"https:\/\/debitia.com\/es_ve\/proceso-de-cobranza-eficiente\/\" title=\"\u00bfComo hacer el Proceso de Cobranza Eficiente en su Empresa?\"><img data-no-lazy=\"1\" class=\"vcex-blog-entry-img wpex-align-middle skip-lazy\" src=\"https:\/\/debitia.com\/wp-content\/uploads\/2022\/04\/Como-hacer-el-Proceso-de-Cobranza-350x350.png\" alt=\"Mejor software de Cobranzas en M\u00e9xico Debitia. Mejor software de Cobranzas en M\u00e9xico. Debitia Objetivos de cobranza. Mejor sistema de cobranzas en M\u00e9xico, estrategias de cobranza efectivas con IA, experiencia del cliente positiva en la cobranza. Gestion de cobranza con IA\" srcset=\"https:\/\/debitia.com\/wp-content\/uploads\/2022\/04\/Como-hacer-el-Proceso-de-Cobranza-350x350.png 350w, https:\/\/debitia.com\/wp-content\/uploads\/2022\/04\/Como-hacer-el-Proceso-de-Cobranza-300x300.png 300w, https:\/\/debitia.com\/wp-content\/uploads\/2022\/04\/Como-hacer-el-Proceso-de-Cobranza-150x150.png 150w, https:\/\/debitia.com\/wp-content\/uploads\/2022\/04\/Como-hacer-el-Proceso-de-Cobranza-12x12.png 12w, https:\/\/debitia.com\/wp-content\/uploads\/2022\/04\/Como-hacer-el-Proceso-de-Cobranza.png 568w\" width=\"350\" height=\"350\"><\/a><\/div><div class=\"vcex-blog-entry-details entry-details wpex-boxed wpex-first-mt-0 wpex-last-mb-0 wpex-clr\"><h2 class=\"vcex-blog-entry-title entry-title wpex-mb-5\"><a href=\"https:\/\/debitia.com\/es_ve\/proceso-de-cobranza-eficiente\/\">\u00bfComo hacer el Proceso de Cobranza Eficiente en su Empresa?<\/a><\/h2><div class=\"vcex-blog-entry-excerpt entry-excerpt wpex-my-15 wpex-text-pretty wpex-last-mb-0 wpex-clr\"><p>\u00bfComo hacer el Proceso de Cobranza Eficiente en su Empresa?&hellip;<\/p><\/div><div class=\"vcex-blog-entry-readmore-wrap entry-readmore-wrap wpex-my-15 wpex-clr\"><a href=\"https:\/\/debitia.com\/es_ve\/proceso-de-cobranza-eficiente\/\" class=\"entry-readmore theme-button\" aria-label=\"Leer m\u00e1s about \u00bfComo hacer el Proceso de Cobranza Eficiente en su Empresa?\">Leer m\u00e1s <span class=\"vcex-readmore-rarr\">&rarr;<\/span><\/a><\/div><\/div><\/div><\/div><div class=\"vcex-blog-entry vcex-grid-item entry-has-details span_1_of_4 col-3 col vcex-isotope-entry cat-7 cat-6 entry post-1872 type-post has-media post_tag-10\"><div class=\"vcex-blog-entry-inner entry-inner wpex-first-mt-0 wpex-last-mb-0 wpex-clr\"><div class=\"vcex-blog-entry-media entry-media wpex-relative\"><a href=\"https:\/\/debitia.com\/es_ve\/software-de-cobranzas\/\" title=\"Software de Cobranzas CRM de Cobranzas para Empresas\"><img data-no-lazy=\"1\" class=\"vcex-blog-entry-img wpex-align-middle skip-lazy\" src=\"https:\/\/debitia.com\/wp-content\/uploads\/2021\/06\/Debitia-libre-mexico-350x350.png\" alt=\"Software de Cobranzas con IA Debitia. Tipo de cobranza preventiva, administrativa, pre judicial SAP\" srcset=\"https:\/\/debitia.com\/wp-content\/uploads\/2021\/06\/Debitia-libre-mexico-350x350.png 350w, https:\/\/debitia.com\/wp-content\/uploads\/2021\/06\/Debitia-libre-mexico-150x150.png 150w\" width=\"350\" height=\"350\"><\/a><\/div><div class=\"vcex-blog-entry-details entry-details wpex-boxed wpex-first-mt-0 wpex-last-mb-0 wpex-clr\"><h2 class=\"vcex-blog-entry-title entry-title wpex-mb-5\"><a href=\"https:\/\/debitia.com\/es_ve\/software-de-cobranzas\/\">Software de Cobranzas CRM de Cobranzas para Empresas<\/a><\/h2><div class=\"vcex-blog-entry-excerpt entry-excerpt wpex-my-15 wpex-text-pretty wpex-last-mb-0 wpex-clr\"><p>Software de Cobranzas CRM de Cobranzas para Empresas El software&hellip;<\/p><\/div><div class=\"vcex-blog-entry-readmore-wrap entry-readmore-wrap wpex-my-15 wpex-clr\"><a href=\"https:\/\/debitia.com\/es_ve\/software-de-cobranzas\/\" class=\"entry-readmore theme-button\" aria-label=\"Leer m\u00e1s about Software de Cobranzas CRM de Cobranzas para Empresas\">Leer m\u00e1s <span class=\"vcex-readmore-rarr\">&rarr;<\/span><\/a><\/div><\/div><\/div><\/div><div class=\"vcex-blog-entry vcex-grid-item entry-has-details span_1_of_4 col-4 col vcex-isotope-entry cat-7 cat-736 cat-735 entry post-728 type-post has-media post_tag-26 post_tag-10 post_tag-25\"><div class=\"vcex-blog-entry-inner entry-inner wpex-first-mt-0 wpex-last-mb-0 wpex-clr\"><div class=\"vcex-blog-entry-media entry-media wpex-relative\"><a href=\"https:\/\/debitia.com\/es_ve\/gestion-de-cobranzas-debitia\/\" title=\"GESTI\u00d3N DE COBRANZAS por WhatsApp DEBITA\"><img data-no-lazy=\"1\" class=\"vcex-blog-entry-img wpex-align-middle skip-lazy\" src=\"https:\/\/debitia.com\/wp-content\/uploads\/2023\/02\/persona-pagando-350x350.webp\" alt=\"Programa para Cobranzas por WhatsApp Debitia\" srcset=\"https:\/\/debitia.com\/wp-content\/uploads\/2023\/02\/persona-pagando-350x350.webp 350w, https:\/\/debitia.com\/wp-content\/uploads\/2023\/02\/persona-pagando-300x300.webp 300w, https:\/\/debitia.com\/wp-content\/uploads\/2023\/02\/persona-pagando-150x150.webp 150w, https:\/\/debitia.com\/wp-content\/uploads\/2023\/02\/persona-pagando.webp 600w\" width=\"350\" height=\"350\"><\/a><\/div><div class=\"vcex-blog-entry-details entry-details wpex-boxed wpex-first-mt-0 wpex-last-mb-0 wpex-clr\"><h2 class=\"vcex-blog-entry-title entry-title wpex-mb-5\"><a href=\"https:\/\/debitia.com\/es_ve\/gestion-de-cobranzas-debitia\/\">GESTI\u00d3N DE COBRANZAS por WhatsApp DEBITA<\/a><\/h2><div class=\"vcex-blog-entry-excerpt entry-excerpt wpex-my-15 wpex-text-pretty wpex-last-mb-0 wpex-clr\"><p>\u00bfQu\u00e9 es la Gesti\u00f3n de Cobranzas? \u00bfQue es cobranzas? Todo&hellip;<\/p><\/div><div class=\"vcex-blog-entry-readmore-wrap entry-readmore-wrap wpex-my-15 wpex-clr\"><a href=\"https:\/\/debitia.com\/es_ve\/gestion-de-cobranzas-debitia\/\" class=\"entry-readmore theme-button\" aria-label=\"Leer m\u00e1s about GESTI\u00d3N DE COBRANZAS por WhatsApp DEBITA\">Leer m\u00e1s <span class=\"vcex-readmore-rarr\">&rarr;<\/span><\/a><\/div><\/div><\/div><\/div><div class=\"vcex-blog-entry vcex-grid-item entry-has-details span_1_of_4 col-1 col vcex-isotope-entry cat-7 entry post-581 type-post has-media\"><div class=\"vcex-blog-entry-inner entry-inner wpex-first-mt-0 wpex-last-mb-0 wpex-clr\"><div class=\"vcex-blog-entry-media entry-media wpex-relative\"><a href=\"https:\/\/debitia.com\/es_ve\/debitia-proceso\/\" title=\"DEBITIA, El mejor software de Cobranzas, Descubrelo\"><img data-no-lazy=\"1\" class=\"vcex-blog-entry-img wpex-align-middle skip-lazy\" src=\"https:\/\/debitia.com\/wp-content\/uploads\/2024\/05\/Debitia-Mexico-Front-mayo-24-350x350.png\" alt=\"Debitia el mejor software de cobranzas en M\u00e9xico\" srcset=\"https:\/\/debitia.com\/wp-content\/uploads\/2024\/05\/Debitia-Mexico-Front-mayo-24-350x350.png 350w, https:\/\/debitia.com\/wp-content\/uploads\/2024\/05\/Debitia-Mexico-Front-mayo-24-150x150.png 150w\" width=\"350\" height=\"350\"><\/a><\/div><div class=\"vcex-blog-entry-details entry-details wpex-boxed wpex-first-mt-0 wpex-last-mb-0 wpex-clr\"><h2 class=\"vcex-blog-entry-title entry-title wpex-mb-5\"><a href=\"https:\/\/debitia.com\/es_ve\/debitia-proceso\/\">DEBITIA, El mejor software de Cobranzas, Descubrelo<\/a><\/h2><div class=\"vcex-blog-entry-excerpt entry-excerpt wpex-my-15 wpex-text-pretty wpex-last-mb-0 wpex-clr\"><p>SISTEMA DE GESTION DE COBROS EN AUTOMATICO Debitia es un&hellip;<\/p><\/div><div class=\"vcex-blog-entry-readmore-wrap entry-readmore-wrap wpex-my-15 wpex-clr\"><a href=\"https:\/\/debitia.com\/es_ve\/debitia-proceso\/\" class=\"entry-readmore theme-button\" aria-label=\"Leer m\u00e1s about DEBITIA, El mejor software de Cobranzas, Descubrelo\">Leer m\u00e1s <span class=\"vcex-readmore-rarr\">&rarr;<\/span><\/a><\/div><\/div><\/div><\/div><div class=\"vcex-blog-entry vcex-grid-item entry-has-details span_1_of_4 col-2 col vcex-isotope-entry cat-5 cat-7 entry post-795 type-post has-media post_tag-20 post_tag-19\"><div class=\"vcex-blog-entry-inner entry-inner wpex-first-mt-0 wpex-last-mb-0 wpex-clr\"><div class=\"vcex-blog-entry-media entry-media wpex-relative\"><a href=\"https:\/\/debitia.com\/es_ve\/sistema-de-cobranzas\/\" title=\"Sistema de Cobranzas para empresas Debitia\"><img data-no-lazy=\"1\" class=\"vcex-blog-entry-img wpex-align-middle skip-lazy\" src=\"https:\/\/debitia.com\/wp-content\/uploads\/2023\/02\/debitia-recortado-350x350.png\" alt=\"Gesti\u00f3n de Cobranza por WhatsApp\" srcset=\"https:\/\/debitia.com\/wp-content\/uploads\/2023\/02\/debitia-recortado-350x350.png 350w, https:\/\/debitia.com\/wp-content\/uploads\/2023\/02\/debitia-recortado-150x150.png 150w\" width=\"350\" height=\"350\"><\/a><\/div><div class=\"vcex-blog-entry-details entry-details wpex-boxed wpex-first-mt-0 wpex-last-mb-0 wpex-clr\"><h2 class=\"vcex-blog-entry-title entry-title wpex-mb-5\"><a href=\"https:\/\/debitia.com\/es_ve\/sistema-de-cobranzas\/\">Sistema de Cobranzas para empresas Debitia<\/a><\/h2><div class=\"vcex-blog-entry-excerpt entry-excerpt wpex-my-15 wpex-text-pretty wpex-last-mb-0 wpex-clr\"><p>Sistema de Cobranzas para Empresas \u00bfComo Elegir? En esta introducci\u00f3n,&hellip;<\/p><\/div><div class=\"vcex-blog-entry-readmore-wrap entry-readmore-wrap wpex-my-15 wpex-clr\"><a href=\"https:\/\/debitia.com\/es_ve\/sistema-de-cobranzas\/\" class=\"entry-readmore theme-button\" aria-label=\"Leer m\u00e1s about Sistema de Cobranzas para empresas Debitia\">Leer m\u00e1s <span class=\"vcex-readmore-rarr\">&rarr;<\/span><\/a><\/div><\/div><\/div><\/div><div class=\"vcex-blog-entry vcex-grid-item entry-has-details span_1_of_4 col-3 col vcex-isotope-entry cat-6 cat-7 cat-5 entry post-423 type-post has-media\"><div class=\"vcex-blog-entry-inner entry-inner wpex-first-mt-0 wpex-last-mb-0 wpex-clr\"><div class=\"vcex-blog-entry-media entry-media wpex-relative\"><a href=\"https:\/\/debitia.com\/es_ve\/gestion-de-cobranzas-claves-y-procesos\/\" title=\"GESTI\u00d3N DE COBRANZAS CLAVES Y PROCESOS | DEBITIA\"><img data-no-lazy=\"1\" class=\"vcex-blog-entry-img wpex-align-middle skip-lazy\" src=\"https:\/\/debitia.com\/wp-content\/uploads\/2018\/09\/Cobranzas-2-350x350.jpg\" alt=\"\" srcset=\"https:\/\/debitia.com\/wp-content\/uploads\/2018\/09\/Cobranzas-2-350x350.jpg 350w, https:\/\/debitia.com\/wp-content\/uploads\/2018\/09\/Cobranzas-2-150x150.jpg 150w, https:\/\/debitia.com\/wp-content\/uploads\/2018\/09\/Cobranzas-2-125x125.jpg 125w\" width=\"350\" height=\"350\"><\/a><\/div><div class=\"vcex-blog-entry-details entry-details wpex-boxed wpex-first-mt-0 wpex-last-mb-0 wpex-clr\"><h2 class=\"vcex-blog-entry-title entry-title wpex-mb-5\"><a href=\"https:\/\/debitia.com\/es_ve\/gestion-de-cobranzas-claves-y-procesos\/\">GESTI\u00d3N DE COBRANZAS CLAVES Y PROCESOS | DEBITIA<\/a><\/h2><div class=\"vcex-blog-entry-excerpt entry-excerpt wpex-my-15 wpex-text-pretty wpex-last-mb-0 wpex-clr\"><p>Gesti\u00f3n de Cobranzas Claves y Procesos \u00bfQue es la Gesti\u00f3n&hellip;<\/p><\/div><div class=\"vcex-blog-entry-readmore-wrap entry-readmore-wrap wpex-my-15 wpex-clr\"><a href=\"https:\/\/debitia.com\/es_ve\/gestion-de-cobranzas-claves-y-procesos\/\" class=\"entry-readmore theme-button\" aria-label=\"Leer m\u00e1s about GESTI\u00d3N DE COBRANZAS CLAVES Y PROCESOS | DEBITIA\">Leer m\u00e1s <span class=\"vcex-readmore-rarr\">&rarr;<\/span><\/a><\/div><\/div><\/div><\/div><div class=\"vcex-blog-entry vcex-grid-item entry-has-details span_1_of_4 col-4 col vcex-isotope-entry cat-5 cat-6 entry post-2049 type-post has-media post_tag-27\"><div class=\"vcex-blog-entry-inner entry-inner wpex-first-mt-0 wpex-last-mb-0 wpex-clr\"><div class=\"vcex-blog-entry-media entry-media wpex-relative\"><a href=\"https:\/\/debitia.com\/es_ve\/estrategias-de-cobranza\/\" title=\"GUIA COMPLETA DE ESTRATEGIAS DE COBRANZA | \u00bfComo Hacerla?\"><img data-no-lazy=\"1\" class=\"vcex-blog-entry-img wpex-align-middle skip-lazy\" src=\"https:\/\/debitia.com\/wp-content\/uploads\/2018\/02\/Pescando-pesos-350x350.jpg\" alt=\"Mejores Estrategias de Cobranza en M\u00e9xico, tipos de cobranza\" srcset=\"https:\/\/debitia.com\/wp-content\/uploads\/2018\/02\/Pescando-pesos-350x350.jpg 350w, https:\/\/debitia.com\/wp-content\/uploads\/2018\/02\/Pescando-pesos-150x150.jpg 150w, https:\/\/debitia.com\/wp-content\/uploads\/2018\/02\/Pescando-pesos-125x125.jpg 125w\" width=\"350\" height=\"350\"><\/a><\/div><div class=\"vcex-blog-entry-details entry-details wpex-boxed wpex-first-mt-0 wpex-last-mb-0 wpex-clr\"><h2 class=\"vcex-blog-entry-title entry-title wpex-mb-5\"><a href=\"https:\/\/debitia.com\/es_ve\/estrategias-de-cobranza\/\">GUIA COMPLETA DE ESTRATEGIAS DE COBRANZA | \u00bfComo Hacerla?<\/a><\/h2><div class=\"vcex-blog-entry-excerpt entry-excerpt wpex-my-15 wpex-text-pretty wpex-last-mb-0 wpex-clr\"><p>ESTRATEGIAS DE COBRANZA EFECTIVAS Debitia es una innovador Sistema de&hellip;<\/p><\/div><div class=\"vcex-blog-entry-readmore-wrap entry-readmore-wrap wpex-my-15 wpex-clr\"><a href=\"https:\/\/debitia.com\/es_ve\/estrategias-de-cobranza\/\" class=\"entry-readmore theme-button\" aria-label=\"Leer m\u00e1s about GUIA COMPLETA DE ESTRATEGIAS DE COBRANZA | \u00bfComo Hacerla?\">Leer m\u00e1s <span class=\"vcex-readmore-rarr\">&rarr;<\/span><\/a><\/div><\/div><\/div><\/div><\/div><\/div><\/div><\/div><\/div><div class=\"wpb_column vc_column_container vc_col-sm-2\"><div class=\"vc_column-inner\"><div class=\"wpb_wrapper\"><\/div><\/div><\/div><\/div><div class=\"vc_row wpb_row vc_row-fluid wpex-relative\"><div class=\"wpb_column vc_column_container vc_col-sm-12\"><div class=\"vc_column-inner\"><div class=\"wpb_wrapper\"><div class=\"vcex-module vcex-divider vcex-divider-solid vcex-divider-center wpex-mx-auto wpex-block wpex-h-0 wpex-border-b wpex-border-solid wpex-border-main\"><\/div><\/div><\/div><\/div><\/div>\n<\/div>","protected":false},"excerpt":{"rendered":"ESTRATEGIAS DE COBRANZA EFECTIVAS Debitia es una innovador Sistema de Gesti\u00f3n de Cobranzas en Latinoam\u00e9rica, dise\u00f1ado para automatizar y optimizar las estrategias de cobranza. Nuestro Sistema de Gesti\u00f3n de Cobranzas, facilita el contacto con los clientes mediante estrategias de cobranza inteligentes y canales digitales como WhatsApp y email, ademas permite la autogesti\u00f3n de pagos, mejora&hellip;","protected":false},"author":4,"featured_media":0,"parent":0,"menu_order":0,"comment_status":"closed","ping_status":"closed","template":"","meta":{"footnotes":""},"class_list":["post-6013","page","type-page","status-publish","hentry","entry","has-media"],"_links":{"self":[{"href":"https:\/\/debitia.com\/es_ve\/wp-json\/wp\/v2\/pages\/6013","targetHints":{"allow":["GET"]}}],"collection":[{"href":"https:\/\/debitia.com\/es_ve\/wp-json\/wp\/v2\/pages"}],"about":[{"href":"https:\/\/debitia.com\/es_ve\/wp-json\/wp\/v2\/types\/page"}],"author":[{"embeddable":true,"href":"https:\/\/debitia.com\/es_ve\/wp-json\/wp\/v2\/users\/4"}],"replies":[{"embeddable":true,"href":"https:\/\/debitia.com\/es_ve\/wp-json\/wp\/v2\/comments?post=6013"}],"version-history":[{"count":0,"href":"https:\/\/debitia.com\/es_ve\/wp-json\/wp\/v2\/pages\/6013\/revisions"}],"wp:attachment":[{"href":"https:\/\/debitia.com\/es_ve\/wp-json\/wp\/v2\/media?parent=6013"}],"curies":[{"name":"wp","href":"https:\/\/api.w.org\/{rel}","templated":true}]}}