{"id":16,"date":"2018-01-26T20:35:21","date_gmt":"2018-01-26T20:35:21","guid":{"rendered":"https:\/\/debitia.com.ar\/?page_id=16"},"modified":"2025-06-10T09:28:49","modified_gmt":"2025-06-10T12:28:49","slug":"sistema-de-gestion-de-cobranzas","status":"publish","type":"page","link":"https:\/\/debitia.com\/es_pr\/sistema-de-gestion-de-cobranzas\/","title":{"rendered":"Home"},"content":{"rendered":"<div class=\"wpb-content-wrapper\"><div class=\"vc_row wpb_row vc_row-fluid wpex-relative\" data-ls_id=\"#beneficios\" tabindex=\"-1\"><div class=\"wpb_column vc_column_container vc_col-sm-3\"><div class=\"vc_column-inner\"><div class=\"wpb_wrapper\"><\/div><\/div><\/div><div class=\"wpb_column vc_column_container vc_col-sm-6\"><div class=\"vc_column-inner\"><div class=\"wpb_wrapper\">\n\t<div class=\"wpb_text_column wpb_content_element vc_custom_1533905323158\" >\n\t\t<div class=\"wpb_wrapper\">\n\t\t\t<h2 style=\"text-align: center;\"><span style=\"font-size: 42px; color: #1c7fb5;\">Beneficios<\/span><\/h2>\n<h4 style=\"text-align: center;\"><\/h4>\n\n\t\t<\/div>\n\t<\/div>\n<\/div><\/div><\/div><div class=\"wpb_column vc_column_container vc_col-sm-3\"><div class=\"vc_column-inner\"><div class=\"wpb_wrapper\"><\/div><\/div><\/div><\/div><div class=\"vc_row wpb_row vc_row-fluid wpex-relative\" data-ls_id=\"#beneficios\" tabindex=\"-1\"><div class=\"wpb_column vc_column_container vc_col-sm-12\"><div class=\"vc_column-inner\"><div class=\"wpb_wrapper\"><div class=\"vc_row wpb_row vc_inner vc_row-fluid vc_custom_1519239726072 wpex-relative\"><div class=\"wpb_column vc_column_container vc_col-sm-4 wpex-vc_col-has-fill\"><div class=\"vc_column-inner vc_custom_1518795467604\"><div class=\"wpb_wrapper\"><div class=\"vc_icon_element vc_icon_element-outer vc_do_icon vc_icon_element-align-center\"><div class=\"vc_icon_element-inner vc_icon_element-color-custom vc_icon_element-size-xl vc_icon_element-style- vc_icon_element-background-color-grey\" ><span class=\"vc_icon_element-icon fa fa-usd\" style=\"color:#1e8abd !important\"><\/span><\/div><\/div>\n\t<div class=\"wpb_text_column wpb_content_element\" >\n\t\t<div class=\"wpb_wrapper\">\n\t\t\t<h4 style=\"text-align: center; color: #1c7fb5;\">REDUZCA PLAZOS, COSTOS Y RECURSOS<\/h4>\n\n\t\t<\/div>\n\t<\/div>\n<div class=\"vc_empty_space\"   style=\"height: 32px\"><span class=\"vc_empty_space_inner\"><\/span><\/div>\n\t<div class=\"wpb_text_column wpb_content_element vc_custom_1749558524903\" >\n\t\t<div class=\"wpb_wrapper\">\n\t\t\t<p>Automatice la Gesti\u00f3n de Cobranzas en forma siple y efectiva, desde la emisi\u00f3n de la factura hasta el cobro. Asignaci\u00f3n de Tareas, Indicadores y Alertas Autom\u00e1ticas.<\/p>\n<p>Con Debitia, tiene total visibilidad, puede saber quien y cuanto le debe, que gestiones ha realizado y cual es la evoluci\u00f3n de su cartera. Ejecutando una estrategia multicanal r\u00e1pida y supervisi\u00f3n.<\/p>\n<p>Gesti\u00f3n de Cobranza, reduciendo tiempos, costos y recursos. <strong><span style=\"color: #008000;\">Chatbot WhatsApp Integrado<\/span><\/strong><\/p>\n\n\t\t<\/div>\n\t<\/div>\n<\/div><\/div><\/div><div class=\"wpb_column vc_column_container vc_col-sm-4 wpex-vc_col-has-fill\"><div class=\"vc_column-inner vc_custom_1518795472700\"><div class=\"wpb_wrapper\"><div class=\"vc_icon_element vc_icon_element-outer vc_do_icon vc_icon_element-align-center\"><div class=\"vc_icon_element-inner vc_icon_element-color-custom vc_icon_element-size-xl vc_icon_element-style- vc_icon_element-background-color-grey\" ><span class=\"vc_icon_element-icon fa fa-cogs\" style=\"color:#1e8abd !important\"><\/span><\/div><\/div>\n\t<div class=\"wpb_text_column wpb_content_element\" >\n\t\t<div class=\"wpb_wrapper\">\n\t\t\t<h4 style=\"text-align: center; color: #1c7fb5;\">SIMPLIFIQUE LA GESTI\u00d3N DE COBRANZAS<\/h4>\n\n\t\t<\/div>\n\t<\/div>\n<div class=\"vc_empty_space\"   style=\"height: 32px\"><span class=\"vc_empty_space_inner\"><\/span><\/div>\n\t<div class=\"wpb_text_column wpb_content_element vc_custom_1647601303947\" >\n\t\t<div class=\"wpb_wrapper\">\n\t\t\t<p>Gestione la Cobranza como un experto, le ofrecemos todo resuelto: Tiene muchos clientes?, no sabe como organizarse?<\/p>\n<p>Le ofrecemos la organizaci\u00f3n y administraci\u00f3n de todo el proceso de cobranza.<\/p>\n<p>Sepa a quien contactar, el sistema lo guiar\u00e1 y permitir\u00e1 a su equipo gestionar facilmente mediante estrategias preestablecidas, por distintos canales.<\/p>\n<p>Avanzar\u00e1 en la Gesti\u00f3n de Cobranza con un proceso predecible, eficiente y automatizado<\/p>\n\n\t\t<\/div>\n\t<\/div>\n<\/div><\/div><\/div><div class=\"wpb_column vc_column_container vc_col-sm-4 wpex-vc_col-has-fill\"><div class=\"vc_column-inner vc_custom_1518795478358\"><div class=\"wpb_wrapper\"><div class=\"vc_icon_element vc_icon_element-outer vc_do_icon vc_icon_element-align-center\"><div class=\"vc_icon_element-inner vc_icon_element-color-custom vc_icon_element-size-xl vc_icon_element-style- vc_icon_element-background-color-grey\" ><span class=\"vc_icon_element-icon fa fa-tachometer\" style=\"color:#1e8abd !important\"><\/span><\/div><\/div>\n\t<div class=\"wpb_text_column wpb_content_element\" >\n\t\t<div class=\"wpb_wrapper\">\n\t\t\t<h4 style=\"text-align: center; color: #1c7fb5;\">\u00bfLO NECESITA YA?<\/h4>\n\n\t\t<\/div>\n\t<\/div>\n<div class=\"vc_empty_space\"   style=\"height: 32px\"><span class=\"vc_empty_space_inner\"><\/span><\/div>\n\t<div class=\"wpb_text_column wpb_content_element vc_custom_1549920125997\" >\n\t\t<div class=\"wpb_wrapper\">\n\t\t\t<p>Ofrecemos una inmediata disponibilidad.<\/p>\n<p>No requiere de infraestructura de servidores y soporte de especialistas IT. Ofrecemos una r\u00e1pida integraci\u00f3n con diversos or\u00edgenes de datos, excel nativo.<\/p>\n<p>Capacitaci\u00f3n mediante un proceso \u00e1gil y sencillo paso a paso, tanto en forma presencial o remota mediante videos. Ya vera lo simple, f\u00e1cil y r\u00e1pido de usar que es.<\/p>\n\n\t\t<\/div>\n\t<\/div>\n<\/div><\/div><\/div><\/div><div class=\"vc_row wpb_row vc_inner vc_row-fluid vc_custom_1519239737231 wpex-relative\"><div class=\"wpb_column vc_column_container vc_col-sm-4 wpex-vc_col-has-fill\"><div class=\"vc_column-inner vc_custom_1518795467604\"><div class=\"wpb_wrapper\"><div class=\"vc_icon_element vc_icon_element-outer vc_do_icon vc_icon_element-align-center\"><div class=\"vc_icon_element-inner vc_icon_element-color-custom vc_icon_element-size-xl vc_icon_element-style- vc_icon_element-background-color-grey\" ><span class=\"vc_icon_element-icon fa fa-rocket\" style=\"color:#1e8abd !important\"><\/span><\/div><\/div>\n\t<div class=\"wpb_text_column wpb_content_element\" >\n\t\t<div class=\"wpb_wrapper\">\n\t\t\t<h4 style=\"text-align: center; color: #1c7fb5;\">LO QUE SE MIDE &#8230;SE CONTROLA<\/h4>\n\n\t\t<\/div>\n\t<\/div>\n<div class=\"vc_empty_space\"   style=\"height: 32px\"><span class=\"vc_empty_space_inner\"><\/span><\/div>\n\t<div class=\"wpb_text_column wpb_content_element vc_custom_1565029446633\" >\n\t\t<div class=\"wpb_wrapper\">\n\t\t\t<p>El control y la productividad son la base de Debitia<\/p>\n<p>Todo el proceso esta definido en acciones, tareas y respuestas coordinadas seg\u00fan el estado del cliente. Utilice t\u00e1cticas y estrategias que le ahorraran recursos y tiempo valioso.<\/p>\n<p>Mida y controle mediante tableros y reportes que se focalizan en la eficiencia y la productividad de sus recursos.<\/p>\n\n\t\t<\/div>\n\t<\/div>\n<\/div><\/div><\/div><div class=\"wpb_column vc_column_container vc_col-sm-4 wpex-vc_col-has-fill\"><div class=\"vc_column-inner vc_custom_1518795472700\"><div class=\"wpb_wrapper\"><div class=\"vc_icon_element vc_icon_element-outer vc_do_icon vc_icon_element-align-center\"><div class=\"vc_icon_element-inner vc_icon_element-color-custom vc_icon_element-size-xl vc_icon_element-style- vc_icon_element-background-color-grey\" ><span class=\"vc_icon_element-icon fa fa-globe\" style=\"color:#1e8abd !important\"><\/span><\/div><\/div>\n\t<div class=\"wpb_text_column wpb_content_element\" >\n\t\t<div class=\"wpb_wrapper\">\n\t\t\t<h4 style=\"text-align: center; color: #1c7fb5;\">COBERTURA GEOGR\u00c1FICA SIN L\u00cdMITES<\/h4>\n\n\t\t<\/div>\n\t<\/div>\n<div class=\"vc_empty_space\"   style=\"height: 32px\"><span class=\"vc_empty_space_inner\"><\/span><\/div>\n\t<div class=\"wpb_text_column wpb_content_element vc_custom_1549919938308\" >\n\t\t<div class=\"wpb_wrapper\">\n\t\t\t<p>Debitia opera desde la nube lo que permite acortar la distancia geogr\u00e1ficas entre oficinas. Tambi\u00e9n permite la gesti\u00f3n multi-monedas &amp; multi-lenguaje y la consolidaci\u00f3n e integraci\u00f3n de la informaci\u00f3n.<\/p>\n<p>Tenemos clientes con cobertura nacional e internacional que est\u00e1n a un Click de distancia. Otros coordinan equipos que trabajan en forma remota o distribuida en diferentes locaciones, incluso desde sus casas.<\/p>\n\n\t\t<\/div>\n\t<\/div>\n<\/div><\/div><\/div><div class=\"wpb_column vc_column_container vc_col-sm-4 wpex-vc_col-has-fill\"><div class=\"vc_column-inner vc_custom_1518795478358\"><div class=\"wpb_wrapper\"><div class=\"vc_icon_element vc_icon_element-outer vc_do_icon vc_icon_element-align-center\"><div class=\"vc_icon_element-inner vc_icon_element-color-custom vc_icon_element-size-xl vc_icon_element-style- vc_icon_element-background-color-grey\" ><span class=\"vc_icon_element-icon fa fa-line-chart\" style=\"color:#1e8abd !important\"><\/span><\/div><\/div>\n\t<div class=\"wpb_text_column wpb_content_element\" >\n\t\t<div class=\"wpb_wrapper\">\n\t\t\t<h4 style=\"text-align: center; color: #1c7fb5;\">AHORRE CON\u00a0 MACHINE LEARNING<\/h4>\n\n\t\t<\/div>\n\t<\/div>\n<div class=\"vc_empty_space\"   style=\"height: 32px\"><span class=\"vc_empty_space_inner\"><\/span><\/div>\n\t<div class=\"wpb_text_column wpb_content_element vc_custom_1549918845252\" >\n\t\t<div class=\"wpb_wrapper\">\n\t\t\t<p>Debitia usa algoritmos que encuentran patrones en la informaci\u00f3n hist\u00f3rica de sus clientes lo que nos permitira asignar los recursos en forma eficiente, ahorrando costos de 40% y mas !!!<br \/>\nNuestro \u201cScoring\u00a0de Cobranzas\u201d proporciona una valoraci\u00f3n cuantitativa del potencial de recuperaci\u00f3n de cada deudor.<\/p>\n<p>&#8220;Utilice inteligencia&#8221; y evite los llamados innecesarios.<\/p>\n\n\t\t<\/div>\n\t<\/div>\n<\/div><\/div><\/div><\/div><\/div><\/div><\/div><\/div><div class=\"vc_row wpb_row vc_row-fluid vc_custom_1519045797026 wpex-relative wpex-vc_row-has-fill wpex-vc-reset-negative-margin\" data-ls_id=\"#debitia\" tabindex=\"-1\"><div class=\"wpb_column vc_column_container vc_col-sm-12\"><div class=\"vc_column-inner\"><div class=\"wpb_wrapper\">\n\t<div class=\"wpb_text_column wpb_content_element vc_custom_1533905347896\" >\n\t\t<div class=\"wpb_wrapper\">\n\t\t\t<h2 style=\"text-align: center;\"><span style=\"font-size: 42px; color: #ffffff;\">\u00bfPor qu\u00e9 elegir Debitia?<\/span><\/h2>\n\n\t\t<\/div>\n\t<\/div>\n<div class=\"vc_row wpb_row vc_inner vc_row-fluid vc_custom_1518808790794!important;margin-left: 6{89d0ed0b5851f20e472c2720c0a59a00215a7230d474ffc656b31ed4dc80d31e} !important;} vc_row-o-content-middle vc_row-flex wpex-relative\"><div class=\"wpb_column vc_column_container vc_col-sm-3 wpex-vc_col-has-fill\"><div class=\"vc_column-inner vc_custom_1518798390509\"><div class=\"wpb_wrapper\"><\/div><\/div><\/div><div class=\"wpb_column vc_column_container vc_col-sm-6\"><div class=\"vc_column-inner\"><div class=\"wpb_wrapper\">\n\t<div class=\"wpb_text_column wpb_content_element\" >\n\t\t<div class=\"wpb_wrapper\">\n\t\t\t<p><span style=\"color: #ffffff;\">La Gesti\u00f3n de Cobranzas es un proceso complejo en el que intervienen muchos elementos y factores. Organizar, medir y controlarlos no es una tarea sencilla.<\/span><\/p>\n<p><span style=\"color: #ffffff;\">Debitia es el resultado de escuchar a nuestros clientes, realizar cambios y ayudarlos a optimizar la forma en que trabajan, logrando una veloz ejecucion, medicion y control de su negocio.<\/span><\/p>\n<p><span style=\"color: #ffffff;\"><em><strong>Ofrecemos mejorar su Gesti\u00f3n de Cobranzas optimizando sus recursos, aplicando metodolog\u00eda, mejorando procesos y utilizando tecnologia de inmediata disponibilidad.<\/strong><\/em><\/span><\/p>\n<h2 style=\"text-align: center;\"><span style=\"font-size: 36px; color: #ffffff;\">Algunos clientes que nos respaldan<\/span><\/h2>\n\n\t\t<\/div>\n\t<\/div>\n<\/div><\/div><\/div><div class=\"wpb_column vc_column_container vc_col-sm-3\"><div class=\"vc_column-inner\"><div class=\"wpb_wrapper\"><\/div><\/div><\/div><\/div><div class=\"vc_row wpb_row vc_inner vc_row-fluid wpex-relative\"><div class=\"wpb_column vc_column_container vc_col-sm-2\"><div class=\"vc_column-inner\"><div class=\"wpb_wrapper\"><\/div><\/div><\/div><div class=\"wpb_column vc_column_container vc_col-sm-2\"><div class=\"vc_column-inner\"><div class=\"wpb_wrapper\">\n\t<div  class=\"wpb_single_image wpb_content_element vc_align_center wpb_content_element\">\n\t\t\n\t\t<figure class=\"wpb_wrapper vc_figure\">\n\t\t\t<div class=\"vc_single_image-wrapper   vc_box_border_grey\"><img width=\"164\" height=\"89\" src=\"https:\/\/debitia.com\/wp-content\/uploads\/2018\/02\/debitia-creditop-logo-cliente.png\" class=\"vc_single_image-img attachment-full\" alt=\"\" title=\"debitia-creditop-logo-cliente\" \/><\/div>\n\t\t<\/figure>\n\t<\/div>\n<\/div><\/div><\/div><div class=\"wpb_column vc_column_container vc_col-sm-2\"><div class=\"vc_column-inner\"><div class=\"wpb_wrapper\">\n\t<div  class=\"wpb_single_image wpb_content_element vc_align_center wpb_content_element\">\n\t\t\n\t\t<figure class=\"wpb_wrapper vc_figure\">\n\t\t\t<div class=\"vc_single_image-wrapper   vc_box_border_grey\"><img width=\"164\" height=\"89\" src=\"https:\/\/debitia.com\/wp-content\/uploads\/2018\/02\/debitia-tarjetaplata-logo-cliente.png\" class=\"vc_single_image-img attachment-full\" alt=\"\" title=\"debitia-tarjetaplata-logo-cliente\" \/><\/div>\n\t\t<\/figure>\n\t<\/div>\n<\/div><\/div><\/div><div class=\"wpb_column vc_column_container vc_col-sm-2\"><div class=\"vc_column-inner\"><div class=\"wpb_wrapper\">\n\t<div  class=\"wpb_single_image wpb_content_element vc_align_center wpb_content_element\">\n\t\t\n\t\t<figure class=\"wpb_wrapper vc_figure\">\n\t\t\t<div class=\"vc_single_image-wrapper   vc_box_border_grey\"><img width=\"164\" height=\"89\" src=\"https:\/\/debitia.com\/wp-content\/uploads\/2018\/02\/debitia-plataya.png\" class=\"vc_single_image-img attachment-full\" alt=\"\" title=\"debitia-plataya\" \/><\/div>\n\t\t<\/figure>\n\t<\/div>\n<\/div><\/div><\/div><div class=\"wpb_column vc_column_container vc_col-sm-2\"><div class=\"vc_column-inner\"><div class=\"wpb_wrapper\">\n\t<div  class=\"wpb_single_image wpb_content_element vc_align_center wpb_content_element\">\n\t\t\n\t\t<figure class=\"wpb_wrapper vc_figure\">\n\t\t\t<div class=\"vc_single_image-wrapper   vc_box_border_grey\"><img width=\"164\" height=\"89\" src=\"https:\/\/debitia.com\/wp-content\/uploads\/2018\/02\/debitia-rci-consultora-logo-cliente.png\" class=\"vc_single_image-img attachment-full\" alt=\"\" title=\"debitia-rci-consultora-logo-cliente\" \/><\/div>\n\t\t<\/figure>\n\t<\/div>\n<\/div><\/div><\/div><div class=\"wpb_column vc_column_container vc_col-sm-2\"><div class=\"vc_column-inner\"><div class=\"wpb_wrapper\"><\/div><\/div><\/div><\/div><\/div><\/div><\/div><\/div><div class=\"vc_row wpb_row vc_row-fluid wpex-relative\" data-ls_id=\"#contacto\" tabindex=\"-1\"><div class=\"wpb_column vc_column_container vc_col-sm-3\"><div class=\"vc_column-inner\"><div class=\"wpb_wrapper\"><\/div><\/div><\/div><div class=\"wpb_column vc_column_container vc_col-sm-6\"><div class=\"vc_column-inner\"><div class=\"wpb_wrapper\">\n\t<div class=\"wpb_text_column wpb_content_element vc_custom_1533905359156\" >\n\t\t<div class=\"wpb_wrapper\">\n\t\t\t<h2 style=\"text-align: center;\"><span style=\"font-size: 42px;\">Contacto<\/span><\/h2>\n\n\t\t<\/div>\n\t<\/div>\n\n\t<div class=\"wpb_text_column wpb_content_element vc_custom_1519303581167\" >\n\t\t<div class=\"wpb_wrapper\">\n\t\t\t<h4 style=\"text-align: center;\">Ingrese su consulta o llamenos y le responderemos a la brevedad<\/h4>\n\n\t\t<\/div>\n\t<\/div>\n<div class=\"vc_empty_space\"   style=\"height: 32px\"><span class=\"vc_empty_space_inner\"><\/span><\/div><div class=\"vc_row wpb_row vc_inner vc_row-fluid wpex-relative\"><div class=\"wpb_column vc_column_container vc_col-sm-2\"><div class=\"vc_column-inner\"><div class=\"wpb_wrapper\"><\/div><\/div><\/div><div class=\"wpb_column vc_column_container vc_col-sm-8\"><div class=\"vc_column-inner\"><div class=\"wpb_wrapper\">\n\t<div class=\"wpb_raw_code wpb_raw_html wpb_content_element\" >\n\t\t<div class=\"wpb_wrapper\">\n\t\t\t<script charset=\"utf-8\" type=\"text\/javascript\" src=\"\/\/js.hsforms.net\/forms\/v2.js\"><\/script>\n<script>\n  hbspt.forms.create({\n    region: \"na1\",\n    portalId: \"21076770\",\n    formId: \"d7e50082-a5b2-43b2-a3bf-3e3ea0617d49\"\n  });\n<\/script>\n\t\t<\/div>\n\t<\/div>\n<\/div><\/div><\/div><div class=\"wpb_column vc_column_container vc_col-sm-2\"><div class=\"vc_column-inner\"><div class=\"wpb_wrapper\"><\/div><\/div><\/div><\/div><\/div><\/div><\/div><div class=\"wpb_column vc_column_container vc_col-sm-3\"><div class=\"vc_column-inner\"><div class=\"wpb_wrapper\"><\/div><\/div><\/div><\/div><div class=\"vc_row wpb_row vc_row-fluid wpex-relative\"><div class=\"wpb_column vc_column_container vc_col-sm-2\"><div class=\"vc_column-inner\"><div class=\"wpb_wrapper\"><\/div><\/div><\/div><div class=\"wpb_column vc_column_container vc_col-sm-8\"><div class=\"vc_column-inner\"><div class=\"wpb_wrapper\"><div class=\"vc_separator wpb_content_element vc_separator_align_center vc_sep_width_100 vc_sep_pos_align_center vc_separator_no_text vc_sep_color_grey wpb_content_element  wpb_content_element\" ><span class=\"vc_sep_holder vc_sep_holder_l\"><span class=\"vc_sep_line\"><\/span><\/span><span class=\"vc_sep_holder vc_sep_holder_r\"><span class=\"vc_sep_line\"><\/span><\/span>\n<\/div><\/div><\/div><\/div><div class=\"wpb_column vc_column_container vc_col-sm-2\"><div class=\"vc_column-inner\"><div class=\"wpb_wrapper\"><\/div><\/div><\/div><\/div><div class=\"vc_row wpb_row vc_row-fluid wpex-relative\"><div class=\"wpb_column vc_column_container vc_col-sm-2\"><div class=\"vc_column-inner\"><div class=\"wpb_wrapper\"><\/div><\/div><\/div><div class=\"wpb_column vc_column_container vc_col-sm-8\"><div class=\"vc_column-inner\"><div class=\"wpb_wrapper\">\n\t<div class=\"wpb_text_column wpb_content_element\" >\n\t\t<div class=\"wpb_wrapper\">\n\t\t\t<h2 style=\"text-align: center;\">Con el apoyo de<\/h2>\n\n\t\t<\/div>\n\t<\/div>\n<div class=\"vc_empty_space\"   style=\"height: 32px\"><span class=\"vc_empty_space_inner\"><\/span><\/div><div class=\"vc_row wpb_row vc_inner vc_row-fluid wpex-relative\"><div class=\"wpb_column vc_column_container vc_col-sm-3\"><div class=\"vc_column-inner\"><div class=\"wpb_wrapper\"><\/div><\/div><\/div><div class=\"wpb_column vc_column_container vc_col-sm-3\"><div class=\"vc_column-inner\"><div class=\"wpb_wrapper\">\n\t<div  class=\"wpb_single_image wpb_content_element vc_align_center wpb_content_element\">\n\t\t\n\t\t<figure class=\"wpb_wrapper vc_figure\">\n\t\t\t<a href=\"https:\/\/www.areatresworkplace.com\/home\" target=\"_blank\" class=\"vc_single_image-wrapper   vc_box_border_grey\" rel=\"noopener\"><img width=\"133\" height=\"120\" src=\"https:\/\/debitia.com\/wp-content\/uploads\/2018\/04\/logo-a3-debitia-1.jpg\" class=\"vc_single_image-img attachment-full\" alt=\"\" title=\"logo-a3-debitia\" \/><\/a>\n\t\t<\/figure>\n\t<\/div>\n<\/div><\/div><\/div><div class=\"wpb_column vc_column_container vc_col-sm-3\"><div class=\"vc_column-inner\"><div class=\"wpb_wrapper\">\n\t<div  class=\"wpb_single_image wpb_content_element vc_align_center wpb_content_element\">\n\t\t\n\t\t<figure class=\"wpb_wrapper vc_figure\">\n\t\t\t<a href=\"http:\/\/www.scalabl.com\/\" target=\"_blank\" class=\"vc_single_image-wrapper   vc_box_border_grey\" rel=\"noopener\"><img width=\"133\" height=\"120\" src=\"https:\/\/debitia.com\/wp-content\/uploads\/2018\/04\/logo-scalabl-debitia.jpg\" class=\"vc_single_image-img attachment-full\" alt=\"\" title=\"logo-scalabl-debitia\" \/><\/a>\n\t\t<\/figure>\n\t<\/div>\n<\/div><\/div><\/div><div class=\"wpb_column vc_column_container vc_col-sm-3\"><div class=\"vc_column-inner\"><div class=\"wpb_wrapper\"><\/div><\/div><\/div><\/div><\/div><\/div><\/div><div class=\"wpb_column vc_column_container vc_col-sm-2\"><div class=\"vc_column-inner\"><div class=\"wpb_wrapper\"><\/div><\/div><\/div><\/div>\n<\/div>","protected":false},"excerpt":{"rendered":"Beneficios REDUZCA PLAZOS, COSTOS Y RECURSOS Automatice la Gesti\u00f3n de Cobranzas en forma siple y efectiva, desde la emisi\u00f3n de la factura hasta el cobro. Asignaci\u00f3n de Tareas, Indicadores y Alertas Autom\u00e1ticas. Con Debitia, tiene total visibilidad, puede saber quien y cuanto le debe, que gestiones ha realizado y cual es la evoluci\u00f3n de su&hellip;","protected":false},"author":5,"featured_media":0,"parent":0,"menu_order":0,"comment_status":"closed","ping_status":"closed","template":"","meta":{"footnotes":""},"class_list":["post-16","page","type-page","status-publish","hentry","entry","no-media"],"_links":{"self":[{"href":"https:\/\/debitia.com\/es_pr\/wp-json\/wp\/v2\/pages\/16","targetHints":{"allow":["GET"]}}],"collection":[{"href":"https:\/\/debitia.com\/es_pr\/wp-json\/wp\/v2\/pages"}],"about":[{"href":"https:\/\/debitia.com\/es_pr\/wp-json\/wp\/v2\/types\/page"}],"author":[{"embeddable":true,"href":"https:\/\/debitia.com\/es_pr\/wp-json\/wp\/v2\/users\/5"}],"replies":[{"embeddable":true,"href":"https:\/\/debitia.com\/es_pr\/wp-json\/wp\/v2\/comments?post=16"}],"version-history":[{"count":0,"href":"https:\/\/debitia.com\/es_pr\/wp-json\/wp\/v2\/pages\/16\/revisions"}],"wp:attachment":[{"href":"https:\/\/debitia.com\/es_pr\/wp-json\/wp\/v2\/media?parent=16"}],"curies":[{"name":"wp","href":"https:\/\/api.w.org\/{rel}","templated":true}]}}