{"id":629,"date":"2018-08-08T15:36:33","date_gmt":"2018-08-08T18:36:33","guid":{"rendered":"https:\/\/debitia.com.ar\/?page_id=629"},"modified":"2018-08-10T09:37:07","modified_gmt":"2018-08-10T12:37:07","slug":"prueba-form","status":"publish","type":"page","link":"https:\/\/debitia.com\/es_do\/prueba-form\/","title":{"rendered":"Prueba form"},"content":{"rendered":"<div class=\"wpb-content-wrapper\"><div class=\"vc_row wpb_row vc_row-fluid wpex-relative\"><div class=\"wpb_column vc_column_container vc_col-sm-3\"><div class=\"vc_column-inner\"><div class=\"wpb_wrapper\"><\/div><\/div><\/div><div class=\"wpb_column vc_column_container vc_col-sm-6\"><div class=\"vc_column-inner\"><div class=\"wpb_wrapper\">\n\t<div class=\"wpb_raw_code wpb_raw_html wpb_content_element\" >\n\t\t<div class=\"wpb_wrapper\">\n\t\t\t<form name=\"insightly_web_to_lead\" action=\"https:\/\/googleapps.insight.ly\/WebToLead\/Create\" method=\"post\">\n\n  <input type=\"hidden\" name=\"formId\" value=\"Q15D\/CMt2ki7hma6lcq4LQ==\" \/>\n\n  <label for=\"insightly_firstName\"><strong>Nombre<\/strong><\/label><br>\n    <input id=\"insightly_firstName\" name=\"FirstName\" type=\"text\" class=\"input-100\"\/><br\/>\n  <br>\n  <label for=\"insightly_lastName\"><strong>Apellido<\/strong><\/label><br>\n    <input id=\"insightly_lastName\" name=\"LastName\" type=\"text\" class=\"input-100\"\/><br\/>\n  <br>\n  <label for=\"insightly_organization\"><strong>Organizaci\u00f3n<\/strong><\/label><br>\n    <input id=\"insightly_organization\" name=\"OrganizationName\" type=\"text\" class=\"input-100\"\/><br\/>\n  <br>\n  <label for=\"insightly_title\"><strong>T\u00edtulo<\/strong><\/label><br>\n    <input id=\"insightly_Title\" name=\"Title\" type=\"text\" class=\"input-100\"\/><br\/>\n  <br>\n  <label for=\"email\"><strong>Email<\/strong><\/label><br>\n    <input id=\"insightly_Email\" name=\"email\" type=\"text\" class=\"input-100\"\/><br\/>\n  <br>\n  <label for=\"phone\"><strong>Tel\u00e9fono<\/strong><\/label><br>\n    <input id=\"insightly_Phone\" name=\"phone\" type=\"text\" class=\"input-100\"\/><br\/>\n  <br>\n  <input type=\"hidden\" id=\"insightly_ResponsibleUser\" name=\"ResponsibleUser\" value=\"1353701\"\/>\n\n  <input type=\"hidden\" id=\"insightly_LeadSource\" name=\"LeadSource\" value=\"1747180\"\/>\n\n  <input type=\"submit\" value=\"Submit\" class=\"boton-enviar\">\n\n<\/form>\n\n\t\t<\/div>\n\t<\/div>\n<\/div><\/div><\/div><div class=\"wpb_column vc_column_container vc_col-sm-3\"><div class=\"vc_column-inner\"><div class=\"wpb_wrapper\"><\/div><\/div><\/div><\/div>\n<\/div>","protected":false},"excerpt":{"rendered":"Nombre Apellido Organizaci\u00f3n T\u00edtulo Email Tel\u00e9fono","protected":false},"author":5,"featured_media":0,"parent":0,"menu_order":0,"comment_status":"closed","ping_status":"closed","template":"","meta":{"footnotes":""},"class_list":["post-629","page","type-page","status-publish","hentry","entry","no-media"],"_links":{"self":[{"href":"https:\/\/debitia.com\/es_do\/wp-json\/wp\/v2\/pages\/629","targetHints":{"allow":["GET"]}}],"collection":[{"href":"https:\/\/debitia.com\/es_do\/wp-json\/wp\/v2\/pages"}],"about":[{"href":"https:\/\/debitia.com\/es_do\/wp-json\/wp\/v2\/types\/page"}],"author":[{"embeddable":true,"href":"https:\/\/debitia.com\/es_do\/wp-json\/wp\/v2\/users\/5"}],"replies":[{"embeddable":true,"href":"https:\/\/debitia.com\/es_do\/wp-json\/wp\/v2\/comments?post=629"}],"version-history":[{"count":0,"href":"https:\/\/debitia.com\/es_do\/wp-json\/wp\/v2\/pages\/629\/revisions"}],"wp:attachment":[{"href":"https:\/\/debitia.com\/es_do\/wp-json\/wp\/v2\/media?parent=629"}],"curies":[{"name":"wp","href":"https:\/\/api.w.org\/{rel}","templated":true}]}}