{"id":6512,"date":"2025-05-14T12:08:51","date_gmt":"2025-05-14T15:08:51","guid":{"rendered":"https:\/\/debitia.com\/?page_id=6512"},"modified":"2025-05-14T12:10:13","modified_gmt":"2025-05-14T15:10:13","slug":"politicas-de-uso-y-terminos-de-servicio-de-debitia","status":"publish","type":"page","link":"https:\/\/debitia.com\/es_cl\/politicas-de-uso-y-terminos-de-servicio-de-debitia\/","title":{"rendered":"Pol\u00edticas de Uso y T\u00e9rminos de Servicio de Debitia"},"content":{"rendered":"<h1 class=\"\" data-start=\"362\" data-end=\"414\">Pol\u00edticas de Uso y T\u00e9rminos de Servicio de Debitia<\/h1>\n<h2 class=\"\" data-start=\"416\" data-end=\"446\">1. Descripci\u00f3n del Servicio<\/h2>\n<p class=\"\" data-start=\"448\" data-end=\"654\">Debitia es una plataforma de Software como Servicio (SaaS) especializada en la automatizaci\u00f3n y optimizaci\u00f3n de procesos de gesti\u00f3n de cuentas por cobrar. Ofrecemos herramientas que permiten a las empresas:<\/p>\n<ul data-start=\"656\" data-end=\"888\">\n<li class=\"\" data-start=\"656\" data-end=\"707\">\n<p class=\"\" data-start=\"658\" data-end=\"707\">Automatizar estrategias de contacto con clientes.<\/p>\n<\/li>\n<li class=\"\" data-start=\"708\" data-end=\"761\">\n<p class=\"\" data-start=\"710\" data-end=\"761\">Administrar cuentas por cobrar de manera eficiente.<\/p>\n<\/li>\n<li class=\"\" data-start=\"762\" data-end=\"823\">\n<p class=\"\" data-start=\"764\" data-end=\"823\">Integrar pagos digitales a trav\u00e9s de un portal de clientes.<\/p>\n<\/li>\n<li class=\"\" data-start=\"824\" data-end=\"888\">\n<p class=\"\" data-start=\"826\" data-end=\"888\">Supervisar y mejorar la productividad del equipo de cobranzas.<\/p>\n<\/li>\n<\/ul>\n<p class=\"\" data-start=\"890\" data-end=\"1014\">Para m\u00e1s informaci\u00f3n sobre nuestras funcionalidades, visite nuestro sitio web oficial .<\/p>\n<h2 class=\"\" data-start=\"1016\" data-end=\"1043\">2. Moneda de Transacci\u00f3n<\/h2>\n<p class=\"\" data-start=\"1045\" data-end=\"1261\">Todos los precios y transacciones en Debitia se expresan en dolares americanos (USD), salvo que se indique lo contrario. Para clientes internacionales, se especificar\u00e1 claramente la moneda correspondiente en cada caso.<\/p>\n<h2 class=\"\" data-start=\"1263\" data-end=\"1292\">3. Informaci\u00f3n de Contacto<\/h2>\n<p class=\"\" data-start=\"1294\" data-end=\"1380\">Para consultas, soporte o m\u00e1s informaci\u00f3n, puede comunicarse con nosotros a trav\u00e9s de:<\/p>\n<ul data-start=\"1382\" data-end=\"1514\">\n<li class=\"\" data-start=\"1382\" data-end=\"1427\">\n<p class=\"\" data-start=\"1384\" data-end=\"1427\"><strong data-start=\"1384\" data-end=\"1406\">Correo electr\u00f3nico<\/strong>: <a class=\"cursor-pointer\" rel=\"noopener\" data-start=\"1408\" data-end=\"1427\">soporte@debitia.com<\/a><\/p>\n<\/li>\n<\/ul>\n<h2 class=\"\" data-start=\"1516\" data-end=\"1559\">4. Pol\u00edticas de Cancelaci\u00f3n y Reembolsos<\/h2>\n<ul data-start=\"1561\" data-end=\"1921\">\n<li class=\"\" data-start=\"1561\" data-end=\"1746\">\n<p class=\"\" data-start=\"1563\" data-end=\"1746\"><strong data-start=\"1563\" data-end=\"1578\">Cancelaci\u00f3n<\/strong>: Los usuarios pueden cancelar su suscripci\u00f3n en cualquier momento. La cancelaci\u00f3n ser\u00e1 efectiva al final del per\u00edodo de facturaci\u00f3n en curso.<\/p>\n<\/li>\n<li class=\"\" data-start=\"1747\" data-end=\"1921\">\n<p class=\"\" data-start=\"1749\" data-end=\"1921\"><strong data-start=\"1749\" data-end=\"1763\">Reembolsos<\/strong>: No se realizar\u00e1n reembolsos por per\u00edodos de suscripci\u00f3n ya iniciados. En casos excepcionales, se evaluar\u00e1n solicitudes de reembolso a discreci\u00f3n de Debitia.<\/p>\n<\/li>\n<\/ul>\n<h2 class=\"\" data-start=\"1923\" data-end=\"1951\">5. Pol\u00edtica de Privacidad<\/h2>\n<p class=\"\" data-start=\"1953\" data-end=\"2192\">En Debitia, respetamos su privacidad y nos comprometemos a proteger su informaci\u00f3n personal. Nuestra pol\u00edtica de privacidad detalla c\u00f3mo recopilamos, usamos y protegemos sus datos. Puede consultarla en [enlace a la pol\u00edtica de privacidad].<\/p>\n<h2 class=\"\" data-start=\"2194\" data-end=\"2227\">6. Seguridad de la Informaci\u00f3n<\/h2>\n<p class=\"\" data-start=\"2229\" data-end=\"2519\">Debitia cumple con los est\u00e1ndares de seguridad de la industria para proteger la informaci\u00f3n de nuestros clientes. Utilizamos cifrado SSL para todas las transacciones y cumplimos con los est\u00e1ndares PCI DSS para el manejo de datos de tarjetas de cr\u00e9dito .<\/p>\n<h2 class=\"\" data-start=\"2521\" data-end=\"2565\">7. Restricciones Legales y de Exportaci\u00f3n<\/h2>\n<p class=\"\" data-start=\"2567\" data-end=\"2774\">Debitia no est\u00e1 disponible para usuarios en jurisdicciones donde su uso est\u00e9 prohibido por ley. Los usuarios son responsables de cumplir con todas las leyes locales aplicables al utilizar nuestros servicios.<\/p>\n<h2 class=\"\" data-start=\"2776\" data-end=\"2806\">8. Promociones y Descuentos<\/h2>\n<p class=\"\" data-start=\"2808\" data-end=\"2974\">Cualquier promoci\u00f3n o descuento ofrecido por Debitia estar\u00e1 sujeto a t\u00e9rminos y condiciones espec\u00edficos, los cuales se comunicar\u00e1n claramente al momento de la oferta.<\/p>\n<h2 class=\"\" data-start=\"2976\" data-end=\"3009\">9. Logos de Tarjetas Aceptadas<\/h2>\n<p class=\"\" data-start=\"3011\" data-end=\"3219\">Debitia acepta pagos con las principales tarjetas de cr\u00e9dito y d\u00e9bito, incluyendo Visa, Mastercard y American Express. Utilizamos la plataforma de pagos de Stripe para realizar las transacciones.<\/p>\n<h2 class=\"\" data-start=\"3221\" data-end=\"3249\">10. Informaci\u00f3n Comercial<\/h2>\n<ul data-start=\"3251\" data-end=\"3373\">\n<li class=\"\" data-start=\"3251\" data-end=\"3283\">\n<p class=\"\" data-start=\"3253\" data-end=\"3283\"><strong data-start=\"3253\" data-end=\"3269\">Nombre Legal<\/strong>: Debitia LLC<\/p>\n<\/li>\n<li class=\"\" data-start=\"3284\" data-end=\"3309\"><strong data-start=\"3312\" data-end=\"3335\">Direcci\u00f3n Comercial<\/strong>: 3351 SW 134 Ave, Miramar, USA 33027<\/li>\n<\/ul>\n<hr class=\"\" data-start=\"3375\" data-end=\"3378\" \/>\n<p class=\"\" data-start=\"3380\" data-end=\"3684\">Este documento est\u00e1 dise\u00f1ado para proporcionar claridad y transparencia a nuestros usuarios, cumpliendo con los requisitos establecidos por Stripe y las mejores pr\u00e1cticas de comercio electr\u00f3nico. Para m\u00e1s informaci\u00f3n o consultas adicionales, no dude en contactarnos.<\/p>\n","protected":false},"excerpt":{"rendered":"<p>Pol\u00edticas de Uso y T\u00e9rminos de Servicio de Debitia 1. Descripci\u00f3n del Servicio Debitia es una plataforma de Software como Servicio (SaaS) especializada en la automatizaci\u00f3n y optimizaci\u00f3n de procesos de gesti\u00f3n de cuentas por cobrar. Ofrecemos herramientas que permiten a las empresas: Automatizar estrategias de contacto con clientes. Administrar cuentas por cobrar de manera&hellip;<\/p>","protected":false},"author":5,"featured_media":0,"parent":0,"menu_order":0,"comment_status":"closed","ping_status":"closed","template":"","meta":{"footnotes":""},"class_list":["post-6512","page","type-page","status-publish","hentry","entry","no-media"],"_links":{"self":[{"href":"https:\/\/debitia.com\/es_cl\/wp-json\/wp\/v2\/pages\/6512","targetHints":{"allow":["GET"]}}],"collection":[{"href":"https:\/\/debitia.com\/es_cl\/wp-json\/wp\/v2\/pages"}],"about":[{"href":"https:\/\/debitia.com\/es_cl\/wp-json\/wp\/v2\/types\/page"}],"author":[{"embeddable":true,"href":"https:\/\/debitia.com\/es_cl\/wp-json\/wp\/v2\/users\/5"}],"replies":[{"embeddable":true,"href":"https:\/\/debitia.com\/es_cl\/wp-json\/wp\/v2\/comments?post=6512"}],"version-history":[{"count":0,"href":"https:\/\/debitia.com\/es_cl\/wp-json\/wp\/v2\/pages\/6512\/revisions"}],"wp:attachment":[{"href":"https:\/\/debitia.com\/es_cl\/wp-json\/wp\/v2\/media?parent=6512"}],"curies":[{"name":"wp","href":"https:\/\/api.w.org\/{rel}","templated":true}]}}